{"id":2185,"date":"2018-05-04T16:23:08","date_gmt":"2018-05-04T15:23:08","guid":{"rendered":"https:\/\/www.icr-translations.com\/es\/?page_id=2185"},"modified":"2021-01-05T18:14:21","modified_gmt":"2021-01-05T18:14:21","slug":"condiciones-de-uso-de-la-web","status":"publish","type":"page","link":"https:\/\/www.icr-translations.com\/es\/condiciones-de-uso-de-la-web\/","title":{"rendered":"Condiciones de uso de la web"},"content":{"rendered":"<p>[et_pb_section fb_built=&#8221;1&#8243; _builder_version=&#8221;3.22&#8243;][et_pb_row _builder_version=&#8221;3.25&#8243; background_size=&#8221;initial&#8221; background_position=&#8221;top_left&#8221; background_repeat=&#8221;repeat&#8221;][et_pb_column type=&#8221;4_4&#8243; _builder_version=&#8221;3.25&#8243; custom_padding=&#8221;|||&#8221; custom_padding__hover=&#8221;|||&#8221;][et_pb_text _builder_version=&#8221;4.4.4&#8243; hover_enabled=&#8221;0&#8243;]<\/p>\n<h2>CONDICIONES DE USO DE LA WEB<\/h2>\n<p>ICR Translations es propiedad de Irene Corchado Resmella, registrada en HMRC como profesional aut\u00f3nomo y con domicilio profesional en Forth House, 28 Rutland Square Edinburgh EH1 2BW.<\/p>\n<p>[\/et_pb_text][\/et_pb_column][\/et_pb_row][et_pb_row _builder_version=&#8221;3.25&#8243; background_size=&#8221;initial&#8221; background_position=&#8221;top_left&#8221; background_repeat=&#8221;repeat&#8221;][et_pb_column type=&#8221;4_4&#8243; _builder_version=&#8221;3.25&#8243; custom_padding=&#8221;|||&#8221; custom_padding__hover=&#8221;|||&#8221;][et_pb_text _builder_version=&#8221;3.27.4&#8243; hover_enabled=&#8221;0&#8243;]<\/p>\n<h3>1. INTRODUCCI\u00d3N<\/h3>\n<p>Si contin\u00faas navegando y utilizando esta p\u00e1gina web aceptas haber le\u00eddo, comprendido y aceptado estas condiciones de uso, que, junto con nuestra pol\u00edtica de privacidad, rigen la relaci\u00f3n de ICR Translations contigo respecto de esta p\u00e1gina web. Si no est\u00e1s de acuerdo con cualesquiera t\u00e9rminos, no utilices nuestra web.<\/p>\n<p>Los t\u00e9rminos \u00abICR Translations\u00bb, \u00abnosotros\u00bb y \u00abyo\u00bb se refieren a Irene Corchado Resmella, la propietaria de esta p\u00e1gina web. El t\u00e9rmino \u00abt\u00fa\u00bb se refiere al usuario o lector de esta web.<br \/>\n[\/et_pb_text][\/et_pb_column][\/et_pb_row][et_pb_row _builder_version=&#8221;3.25&#8243; background_size=&#8221;initial&#8221; background_position=&#8221;top_left&#8221; background_repeat=&#8221;repeat&#8221;][et_pb_column type=&#8221;4_4&#8243; _builder_version=&#8221;3.25&#8243; custom_padding=&#8221;|||&#8221; custom_padding__hover=&#8221;|||&#8221;][et_pb_text _builder_version=&#8221;4.5.6&#8243; hover_enabled=&#8221;0&#8243;]<\/p>\n<h3>2. DERECHOS DE AUTOR<\/h3>\n<p>Esta web y su contenido (ya sea texto, im\u00e1genes, logotipo o elementos gr\u00e1ficos) est\u00e1n protegidos por derechos de autor (\u00a9 ICR Translations 2021) y pertenecen a Irene Corchado Resmella. Esto significa que no puedes publicar, copiar, duplicar, reproducir, mostrar, distribuir, modificar, vender o crear obras derivadas (como traducciones) ni alterar de ning\u00fan modo material de ICR Translations, ya sea de forma total o parcial y para cualquier fin, sin permiso previo y por escrito de la autora.<\/p>\n<p>[\/et_pb_text][\/et_pb_column][\/et_pb_row][et_pb_row _builder_version=&#8221;3.25&#8243; background_size=&#8221;initial&#8221; background_position=&#8221;top_left&#8221; background_repeat=&#8221;repeat&#8221;][et_pb_column type=&#8221;4_4&#8243; _builder_version=&#8221;3.25&#8243; custom_padding=&#8221;|||&#8221; custom_padding__hover=&#8221;|||&#8221;][et_pb_text _builder_version=&#8221;3.27.4&#8243; hover_enabled=&#8221;0&#8243;]<\/p>\n<h3>3. EXENCI\u00d3N DE RESPONSABILIDAD<\/h3>\n<h4>3.1. TU USO DE NUESTRA WEB<\/h4>\n<p>La informaci\u00f3n que aparece en esta p\u00e1gina web se ofrece \u00fanicamente a t\u00edtulo informativo. Aunque ICR Translations hace todo lo posible por que la informaci\u00f3n sea correcta y est\u00e9 actualizada, no garantiza, ni de forma expresa ni impl\u00edcita, que la informaci\u00f3n sea completa, correcta, fiable o apta ni que est\u00e9 disponible.<\/p>\n<p>Si utilizas esta web, aceptas utilizar la informaci\u00f3n bajo tu responsabilidad. Ser\u00e1 tu responsabilidad asegurarte que los servicios o la informaci\u00f3n disponible a trav\u00e9s de esta web cumplen con tus requisitos.<\/p>\n<p>ICR Translations no se responsabilizar\u00e1, en ning\u00fan caso, de p\u00e9rdidas o da\u00f1os, tales como p\u00e9rdidas o da\u00f1os emergentes indirectos, ni de p\u00e9rdidas o da\u00f1os de cualquier tipo que resulten de la p\u00e9rdida de datos o beneficios de o en relaci\u00f3n con el uso de esta web.<br \/>\n[\/et_pb_text][et_pb_text _builder_version=&#8221;3.27.4&#8243;]<\/p>\n<h4>3.2. ENLACES A OTRAS P\u00c1GINAS<\/h4>\n<p>A trav\u00e9s de esta p\u00e1gina web puedes enlazar a otras p\u00e1ginas que est\u00e1n fuera del control de ICR Translations. ICR Translations no se responsabiliza del tipo, el contenido o la disponibilidad de dichas p\u00e1ginas. La inclusi\u00f3n de enlaces no conlleva necesariamente ninguna recomendaci\u00f3n ni apoyo a las opiniones vertidas sobre ellas.<\/p>\n<p>En ocasiones esta p\u00e1gina web podr\u00e1 incluir enlaces a otras p\u00e1ginas. Estos enlaces se incluyen para ayudar al usuario y ofrecer m\u00e1s informaci\u00f3n. No significa que recomendemos ni estemos de acuerdo con esas p\u00e1ginas. ICR Translations no se responsabiliza del contenido de las p\u00e1ginas enlazadas.<br \/>\n[\/et_pb_text][et_pb_text _builder_version=&#8221;3.27.4&#8243; hover_enabled=&#8221;0&#8243;]<\/p>\n<h4>3.3. DISPONIBILIDAD DE LA P\u00c1GINA WEB<\/h4>\n<p>ICR Translations hace todo lo posible por que la p\u00e1gina funcione correctamente, pero no se responsabiliza de la no disponibilidad de la misma de forma temporal por problemas t\u00e9cnicos ajenos a nuestro control.<br \/>\n[\/et_pb_text][\/et_pb_column][\/et_pb_row][et_pb_row _builder_version=&#8221;3.25&#8243; background_size=&#8221;initial&#8221; background_position=&#8221;top_left&#8221; background_repeat=&#8221;repeat&#8221;][et_pb_column type=&#8221;4_4&#8243; _builder_version=&#8221;3.25&#8243; custom_padding=&#8221;|||&#8221; custom_padding__hover=&#8221;|||&#8221;][et_pb_text _builder_version=&#8221;4.5.6&#8243; hover_enabled=&#8221;0&#8243;]<\/p>\n<h3>4. DISPUTAS<\/h3>\n<p>El uso que hagas de esta p\u00e1gina y cualquier disputa que surja del uso de la misma deber\u00e1 resolverse de conformidad con el derecho de Escocia.<\/p>\n<p>[\/et_pb_text][\/et_pb_column][\/et_pb_row][et_pb_row _builder_version=&#8221;3.25&#8243;][et_pb_column type=&#8221;4_4&#8243; _builder_version=&#8221;3.25&#8243; custom_padding=&#8221;|||&#8221; custom_padding__hover=&#8221;|||&#8221;][et_pb_text _builder_version=&#8221;3.27.4&#8243; hover_enabled=&#8221;0&#8243;]<\/p>\n<h3>5. MODIFICACIONES A ESTAS CONDICIONES DE USO<\/h3>\n<p>Estas condiciones de uso podr\u00e1n ser modificadas en cualquier momento y sin previo aviso.<br \/>\n[\/et_pb_text][\/et_pb_column][\/et_pb_row][et_pb_row _builder_version=&#8221;3.25&#8243; background_size=&#8221;initial&#8221; background_position=&#8221;top_left&#8221; background_repeat=&#8221;repeat&#8221;][et_pb_column type=&#8221;4_4&#8243; _builder_version=&#8221;3.25&#8243; custom_padding=&#8221;|||&#8221; custom_padding__hover=&#8221;|||&#8221;][et_pb_text _builder_version=&#8221;4.5.6&#8243; hover_enabled=&#8221;0&#8243;]<\/p>\n<p><em>\u00daltima actualizaci\u00f3n: 5 de enero de 2021<\/em><\/p>\n<p>[\/et_pb_text][\/et_pb_column][\/et_pb_row][\/et_pb_section]<\/p>\n","protected":false},"excerpt":{"rendered":"<p>CONDICIONES DE USO DE LA WEB ICR Translations es propiedad de Irene Corchado Resmella, registrada en HMRC como profesional aut\u00f3nomo y con domicilio profesional en Forth House, 28 Rutland Square Edinburgh EH1 2BW.1. INTRODUCCI\u00d3N Si contin\u00faas navegando y utilizando esta p\u00e1gina web aceptas haber le\u00eddo, comprendido y aceptado estas condiciones de uso, que, junto con [&hellip;]<\/p>\n","protected":false},"author":1,"featured_media":0,"parent":0,"menu_order":0,"comment_status":"closed","ping_status":"closed","template":"","meta":{"_et_pb_use_builder":"on","_et_pb_old_content":"","_et_gb_content_width":"","_lmt_disableupdate":"","_lmt_disable":"","om_disable_all_campaigns":false,"_monsterinsights_skip_tracking":false,"_monsterinsights_sitenote_active":false,"_monsterinsights_sitenote_note":"","_monsterinsights_sitenote_category":0,"_uf_show_specific_survey":0,"_uf_disable_surveys":false,"footnotes":""},"class_list":["post-2185","page","type-page","status-publish","hentry"],"yoast_head":"<!-- This site is optimized with the Yoast SEO plugin v26.8 - https:\/\/yoast.com\/product\/yoast-seo-wordpress\/ -->\n<title>Condiciones de uso de la web \u2502ICR Translations<\/title>\n<meta name=\"description\" content=\"Si contin\u00faas navegando y utilizando esta p\u00e1gina web aceptas haber le\u00eddo, comprendido y aceptado estas condiciones de uso.\" \/>\n<meta name=\"robots\" content=\"index, follow, max-snippet:-1, max-image-preview:large, max-video-preview:-1\" \/>\n<link rel=\"canonical\" href=\"https:\/\/www.icr-translations.com\/es\/condiciones-de-uso-de-la-web\/\" \/>\n<meta property=\"og:locale\" content=\"en_GB\" \/>\n<meta property=\"og:type\" content=\"article\" \/>\n<meta property=\"og:title\" content=\"Condiciones de uso de la web \u2502ICR Translations\" \/>\n<meta property=\"og:description\" content=\"Si contin\u00faas navegando y utilizando esta p\u00e1gina web aceptas haber le\u00eddo, comprendido y aceptado estas condiciones de uso.\" \/>\n<meta property=\"og:url\" content=\"https:\/\/www.icr-translations.com\/es\/condiciones-de-uso-de-la-web\/\" \/>\n<meta property=\"og:site_name\" content=\"ICR Translations\" \/>\n<meta property=\"article:modified_time\" content=\"2021-01-05T18:14:21+00:00\" \/>\n<meta name=\"twitter:card\" content=\"summary_large_image\" \/>\n<meta name=\"twitter:site\" content=\"@ICRtranslations\" \/>\n<meta name=\"twitter:label1\" content=\"Estimated reading time\" \/>\n\t<meta name=\"twitter:data1\" content=\"4 minutes\" \/>\n<script type=\"application\/ld+json\" class=\"yoast-schema-graph\">{\"@context\":\"https:\/\/schema.org\",\"@graph\":[{\"@type\":\"WebPage\",\"@id\":\"https:\/\/www.icr-translations.com\/es\/condiciones-de-uso-de-la-web\/\",\"url\":\"https:\/\/www.icr-translations.com\/es\/condiciones-de-uso-de-la-web\/\",\"name\":\"Condiciones de uso de la web \u2502ICR Translations\",\"isPartOf\":{\"@id\":\"https:\/\/www.icr-translations.com\/es\/#website\"},\"datePublished\":\"2018-05-04T15:23:08+00:00\",\"dateModified\":\"2021-01-05T18:14:21+00:00\",\"description\":\"Si contin\u00faas navegando y utilizando esta p\u00e1gina web aceptas haber le\u00eddo, comprendido y aceptado estas condiciones de uso.\",\"breadcrumb\":{\"@id\":\"https:\/\/www.icr-translations.com\/es\/condiciones-de-uso-de-la-web\/#breadcrumb\"},\"inLanguage\":\"en-GB\",\"potentialAction\":[{\"@type\":\"ReadAction\",\"target\":[\"https:\/\/www.icr-translations.com\/es\/condiciones-de-uso-de-la-web\/\"]}]},{\"@type\":\"BreadcrumbList\",\"@id\":\"https:\/\/www.icr-translations.com\/es\/condiciones-de-uso-de-la-web\/#breadcrumb\",\"itemListElement\":[{\"@type\":\"ListItem\",\"position\":1,\"name\":\"Home\",\"item\":\"https:\/\/www.icr-translations.com\/es\/\"},{\"@type\":\"ListItem\",\"position\":2,\"name\":\"Condiciones de uso de la web\"}]},{\"@type\":\"WebSite\",\"@id\":\"https:\/\/www.icr-translations.com\/es\/#website\",\"url\":\"https:\/\/www.icr-translations.com\/es\/\",\"name\":\"ICR Translations\",\"description\":\"Traducci\u00f3n jurada en Edimburgo\",\"publisher\":{\"@id\":\"https:\/\/www.icr-translations.com\/es\/#\/schema\/person\/5ff2973b4aeaceefe29a29b6df9bf750\"},\"potentialAction\":[{\"@type\":\"SearchAction\",\"target\":{\"@type\":\"EntryPoint\",\"urlTemplate\":\"https:\/\/www.icr-translations.com\/es\/?s={search_term_string}\"},\"query-input\":{\"@type\":\"PropertyValueSpecification\",\"valueRequired\":true,\"valueName\":\"search_term_string\"}}],\"inLanguage\":\"en-GB\"},{\"@type\":[\"Person\",\"Organization\"],\"@id\":\"https:\/\/www.icr-translations.com\/es\/#\/schema\/person\/5ff2973b4aeaceefe29a29b6df9bf750\",\"name\":\"ICRtranslations\",\"image\":{\"@type\":\"ImageObject\",\"inLanguage\":\"en-GB\",\"@id\":\"https:\/\/www.icr-translations.com\/es\/#\/schema\/person\/image\/\",\"url\":\"https:\/\/www.icr-translations.com\/es\/wp-content\/uploads\/sites\/2\/2016\/01\/logo-01.jpg\",\"contentUrl\":\"https:\/\/www.icr-translations.com\/es\/wp-content\/uploads\/sites\/2\/2016\/01\/logo-01.jpg\",\"width\":184,\"height\":144,\"caption\":\"ICRtranslations\"},\"logo\":{\"@id\":\"https:\/\/www.icr-translations.com\/es\/#\/schema\/person\/image\/\"},\"sameAs\":[\"https:\/\/x.com\/ICRtranslations\"]}]}<\/script>\n<!-- \/ Yoast SEO plugin. -->","yoast_head_json":{"title":"Condiciones de uso de la web \u2502ICR Translations","description":"Si contin\u00faas navegando y utilizando esta p\u00e1gina web aceptas haber le\u00eddo, comprendido y aceptado estas condiciones de uso.","robots":{"index":"index","follow":"follow","max-snippet":"max-snippet:-1","max-image-preview":"max-image-preview:large","max-video-preview":"max-video-preview:-1"},"canonical":"https:\/\/www.icr-translations.com\/es\/condiciones-de-uso-de-la-web\/","og_locale":"en_GB","og_type":"article","og_title":"Condiciones de uso de la web \u2502ICR Translations","og_description":"Si contin\u00faas navegando y utilizando esta p\u00e1gina web aceptas haber le\u00eddo, comprendido y aceptado estas condiciones de uso.","og_url":"https:\/\/www.icr-translations.com\/es\/condiciones-de-uso-de-la-web\/","og_site_name":"ICR Translations","article_modified_time":"2021-01-05T18:14:21+00:00","twitter_card":"summary_large_image","twitter_site":"@ICRtranslations","twitter_misc":{"Estimated reading time":"4 minutes"},"schema":{"@context":"https:\/\/schema.org","@graph":[{"@type":"WebPage","@id":"https:\/\/www.icr-translations.com\/es\/condiciones-de-uso-de-la-web\/","url":"https:\/\/www.icr-translations.com\/es\/condiciones-de-uso-de-la-web\/","name":"Condiciones de uso de la web \u2502ICR Translations","isPartOf":{"@id":"https:\/\/www.icr-translations.com\/es\/#website"},"datePublished":"2018-05-04T15:23:08+00:00","dateModified":"2021-01-05T18:14:21+00:00","description":"Si contin\u00faas navegando y utilizando esta p\u00e1gina web aceptas haber le\u00eddo, comprendido y aceptado estas condiciones de uso.","breadcrumb":{"@id":"https:\/\/www.icr-translations.com\/es\/condiciones-de-uso-de-la-web\/#breadcrumb"},"inLanguage":"en-GB","potentialAction":[{"@type":"ReadAction","target":["https:\/\/www.icr-translations.com\/es\/condiciones-de-uso-de-la-web\/"]}]},{"@type":"BreadcrumbList","@id":"https:\/\/www.icr-translations.com\/es\/condiciones-de-uso-de-la-web\/#breadcrumb","itemListElement":[{"@type":"ListItem","position":1,"name":"Home","item":"https:\/\/www.icr-translations.com\/es\/"},{"@type":"ListItem","position":2,"name":"Condiciones de uso de la web"}]},{"@type":"WebSite","@id":"https:\/\/www.icr-translations.com\/es\/#website","url":"https:\/\/www.icr-translations.com\/es\/","name":"ICR Translations","description":"Traducci\u00f3n jurada en Edimburgo","publisher":{"@id":"https:\/\/www.icr-translations.com\/es\/#\/schema\/person\/5ff2973b4aeaceefe29a29b6df9bf750"},"potentialAction":[{"@type":"SearchAction","target":{"@type":"EntryPoint","urlTemplate":"https:\/\/www.icr-translations.com\/es\/?s={search_term_string}"},"query-input":{"@type":"PropertyValueSpecification","valueRequired":true,"valueName":"search_term_string"}}],"inLanguage":"en-GB"},{"@type":["Person","Organization"],"@id":"https:\/\/www.icr-translations.com\/es\/#\/schema\/person\/5ff2973b4aeaceefe29a29b6df9bf750","name":"ICRtranslations","image":{"@type":"ImageObject","inLanguage":"en-GB","@id":"https:\/\/www.icr-translations.com\/es\/#\/schema\/person\/image\/","url":"https:\/\/www.icr-translations.com\/es\/wp-content\/uploads\/sites\/2\/2016\/01\/logo-01.jpg","contentUrl":"https:\/\/www.icr-translations.com\/es\/wp-content\/uploads\/sites\/2\/2016\/01\/logo-01.jpg","width":184,"height":144,"caption":"ICRtranslations"},"logo":{"@id":"https:\/\/www.icr-translations.com\/es\/#\/schema\/person\/image\/"},"sameAs":["https:\/\/x.com\/ICRtranslations"]}]}},"_links":{"self":[{"href":"https:\/\/www.icr-translations.com\/es\/wp-json\/wp\/v2\/pages\/2185","targetHints":{"allow":["GET"]}}],"collection":[{"href":"https:\/\/www.icr-translations.com\/es\/wp-json\/wp\/v2\/pages"}],"about":[{"href":"https:\/\/www.icr-translations.com\/es\/wp-json\/wp\/v2\/types\/page"}],"author":[{"embeddable":true,"href":"https:\/\/www.icr-translations.com\/es\/wp-json\/wp\/v2\/users\/1"}],"replies":[{"embeddable":true,"href":"https:\/\/www.icr-translations.com\/es\/wp-json\/wp\/v2\/comments?post=2185"}],"version-history":[{"count":5,"href":"https:\/\/www.icr-translations.com\/es\/wp-json\/wp\/v2\/pages\/2185\/revisions"}],"predecessor-version":[{"id":3080,"href":"https:\/\/www.icr-translations.com\/es\/wp-json\/wp\/v2\/pages\/2185\/revisions\/3080"}],"wp:attachment":[{"href":"https:\/\/www.icr-translations.com\/es\/wp-json\/wp\/v2\/media?parent=2185"}],"curies":[{"name":"wp","href":"https:\/\/api.w.org\/{rel}","templated":true}]}}