{"id":719,"date":"2016-06-16T13:41:17","date_gmt":"2016-06-16T12:41:17","guid":{"rendered":"https:\/\/www.icr-translations.com\/es\/?page_id=719"},"modified":"2018-05-31T19:03:36","modified_gmt":"2018-05-31T18:03:36","slug":"boletin-mensual","status":"publish","type":"page","link":"https:\/\/www.icr-translations.com\/es\/boletin-mensual\/","title":{"rendered":"Bolet\u00edn mensual"},"content":{"rendered":"<p>[et_pb_section bb_built=&#8221;1&#8243; admin_label=&#8221;section&#8221;][et_pb_row admin_label=&#8221;row&#8221; background_position=&#8221;top_left&#8221; background_repeat=&#8221;repeat&#8221; background_size=&#8221;initial&#8221;][et_pb_column type=&#8221;1_4&#8243;][\/et_pb_column][et_pb_column type=&#8221;1_2&#8243;][et_pb_text _builder_version=&#8221;3.0.101&#8243; background_layout=&#8221;light&#8221;]<\/p>\n<div class=\"et_bloom_inline_form et_bloom_optin et_bloom_make_form_visible et_bloom_optin_3\" style=\"display: none;\">\n\t\t\t\t<style type=\"text\/css\">.et_bloom .et_bloom_optin_3 .et_bloom_form_content { background-color: #eaeaea !important; } .et_bloom .et_bloom_optin_3 .et_bloom_form_container .et_bloom_form_header { background-color: #00642d !important; } .et_bloom .et_bloom_optin_3 .et_bloom_form_content button { background-color: #009035 !important; } .et_bloom .et_bloom_optin_3 .et_bloom_form_content .et_bloom_fields i { color: #009035 !important; } .et_bloom .et_bloom_optin_3 .et_bloom_form_content .et_bloom_custom_field_radio i:before { background: #009035 !important; } .et_bloom .et_bloom_optin_3 .et_bloom_form_content button { background-color: #009035 !important; } .et_bloom .et_bloom_optin_3 .et_bloom_form_container h2, .et_bloom .et_bloom_optin_3 .et_bloom_form_container h2 span, .et_bloom .et_bloom_optin_3 .et_bloom_form_container h2 strong { font-family: \"Open Sans\", Helvetica, Arial, Lucida, sans-serif; }.et_bloom .et_bloom_optin_3 .et_bloom_form_container p, .et_bloom .et_bloom_optin_3 .et_bloom_form_container p span, .et_bloom .et_bloom_optin_3 .et_bloom_form_container p strong, .et_bloom .et_bloom_optin_3 .et_bloom_form_container form input, .et_bloom .et_bloom_optin_3 .et_bloom_form_container form button span { font-family: \"Open Sans\", Helvetica, Arial, Lucida, sans-serif; } <\/style>\n\t\t\t\t<div class=\"et_bloom_form_container  et_bloom_form_text_dark et_bloom_form_bottom et_bloom_inline_1_field\">\n\t\t\t\t\t\n\t\t\t<div class=\"et_bloom_form_container_wrapper clearfix et_bloom_with_custom_fields\">\n\t\t\t\t<div class=\"et_bloom_header_outer\">\n\t\t\t\t\t<div class=\"et_bloom_form_header et_bloom_header_text_light\">\n\t\t\t\t\t\t\n\t\t\t\t\t\t<div class=\"et_bloom_form_text\">\n\t\t\t\t\t\t<h2>SUSCR\u00cdBETE y recibe todos los art\u00edculos y novedades<\/h2>\n\t\t\t\t\t<\/div>\n\t\t\t\t\t\t\n\t\t\t\t\t<\/div>\n\t\t\t\t<\/div>\n\t\t\t\t<div class=\"et_bloom_form_content et_bloom_1_field et_bloom_bottom_stacked\">\n\t\t\t\t\t\n\t\t\t\t\t\n\t\t\t\t\t<form method=\"post\" class=\"clearfix\">\n\t\t\t\t\t\t<div class=\"et_bloom_fields\">\n\t\t\t\t\t\t\t\n\t\t\t\t\t\t\t<p class=\"et_bloom_popup_input et_bloom_subscribe_email\">\n\t\t\t\t\t\t\t\t<input placeholder=\"corchado_irene@hotmail.com\">\n\t\t\t\t\t\t\t<\/p>\n\t\t\t\t\t\t\t<p class=\"et_bloom_custom_field\"><input class=\"et_bloom_checkbox_handle\" type=\"hidden\" name=\"et_bloom_custom_field_optin_3_2f6c6c11fa\" data-field_type=\"checkbox\" data-id=\"2f6c6c11fa\" data-required_mark=\"required\">\n\t\t\t\t\t\t<span class=\"et_bloom_custom_field_options_wrapper\">\n\t\t\t\t\t\t\t<span class=\"et_bloom_custom_field_options_title\">Privacidad<\/span>\n\t\t\t\t\t\t\t<span class=\"et_bloom_custom_field_options_list\"><span class=\"et_bloom_custom_field_checkbox\">\n\t\t\t\t\t\t\t\t<input type=\"checkbox\" id=\"et_bloom_custom_field_optin_3_2f6c6c11fa_1e79b59f77\" value=\"He le\u00eddo y acepto la\" data-id=\"1e79b59f77\"\/>\n\t\t\t\t\t\t\t\t<label for=\"et_bloom_custom_field_optin_3_2f6c6c11fa_1e79b59f77\"><i><\/i>He le\u00eddo y acepto la <a href=\"https:\/\/www.icr-translations.com\/es\/politica-de-privacidad\/\">pol\u00edtica de privacidad<\/a><\/label>\n\t\t\t\t\t\t\t<\/span><\/span>\n\t\t\t\t\t\t<\/span><\/p>\n\t\t\t\t\t\t\t<button data-optin_id=\"optin_3\" data-service=\"mailchimp\" data-list_id=\"9979566da9\" data-page_id=\"719\" data-account=\"ICRtranslations\" data-ip_address=\"true\" class=\"et_bloom_submit_subscription\">\n\t\t\t\t\t\t\t\t<span class=\"et_bloom_subscribe_loader\"><\/span>\n\t\t\t\t\t\t\t\t<span class=\"et_bloom_button_text et_bloom_button_text_color_light\">\u00a1Me apunto!<\/span>\n\t\t\t\t\t\t\t<\/button>\n\t\t\t\t\t\t<\/div>\n\t\t\t\t\t<\/form>\n\t\t\t\t\t<div class=\"et_bloom_success_container\">\n\t\t\t\t\t\t<span class=\"et_bloom_success_checkmark\"><\/span>\n\t\t\t\t\t<\/div>\n\t\t\t\t\t<h2 class=\"et_bloom_success_message\">\u00a1Listo!<\/h2>\n\t\t\t\t\t<div class=\"et_bloom_form_footer\"><p>Puedes darte de baja en cualquier momento utilizando el enlace que aparece al final de cualquiera de mis correos.<\/p><\/div>\n\t\t\t\t<\/div>\n\t\t\t<\/div>\n\t\t\t<span class=\"et_bloom_close_button\"><\/span>\n\t\t\t\t<\/div>\n\t\t\t<\/div>\n<p>[\/et_pb_text][\/et_pb_column][et_pb_column type=&#8221;1_4&#8243;][\/et_pb_column][\/et_pb_row][\/et_pb_section]<\/p>\n","protected":false},"excerpt":{"rendered":"<div class=\"et_bloom_inline_form et_bloom_optin et_bloom_make_form_visible et_bloom_optin_3\" style=\"display: none;\">\n\t\t\t\t<style type=\"text\/css\">.et_bloom .et_bloom_optin_3 .et_bloom_form_content { background-color: #eaeaea !important; } .et_bloom .et_bloom_optin_3 .et_bloom_form_container .et_bloom_form_header { background-color: #00642d !important; } .et_bloom .et_bloom_optin_3 .et_bloom_form_content button { background-color: #009035 !important; } .et_bloom .et_bloom_optin_3 .et_bloom_form_content .et_bloom_fields i { color: #009035 !important; } .et_bloom .et_bloom_optin_3 .et_bloom_form_content .et_bloom_custom_field_radio i:before { background: #009035 !important; } .et_bloom .et_bloom_optin_3 .et_bloom_form_content button { background-color: #009035 !important; } .et_bloom .et_bloom_optin_3 .et_bloom_form_container h2, .et_bloom .et_bloom_optin_3 .et_bloom_form_container h2 span, .et_bloom .et_bloom_optin_3 .et_bloom_form_container h2 strong { font-family: \"Open Sans\", Helvetica, Arial, Lucida, sans-serif; }.et_bloom .et_bloom_optin_3 .et_bloom_form_container p, .et_bloom .et_bloom_optin_3 .et_bloom_form_container p span, .et_bloom .et_bloom_optin_3 .et_bloom_form_container p strong, .et_bloom .et_bloom_optin_3 .et_bloom_form_container form input, .et_bloom .et_bloom_optin_3 .et_bloom_form_container form button span { font-family: \"Open Sans\", Helvetica, Arial, Lucida, sans-serif; } <\/style>\n\t\t\t\t<div class=\"et_bloom_form_container  et_bloom_form_text_dark et_bloom_form_bottom et_bloom_inline_1_field\">\n\t\t\t\t\t\n\t\t\t<div class=\"et_bloom_form_container_wrapper clearfix et_bloom_with_custom_fields\">\n\t\t\t\t<div class=\"et_bloom_header_outer\">\n\t\t\t\t\t<div class=\"et_bloom_form_header et_bloom_header_text_light\">\n\t\t\t\t\t\t\n\t\t\t\t\t\t<div class=\"et_bloom_form_text\">\n\t\t\t\t\t\t<h2>SUSCR\u00cdBETE y recibe todos los art\u00edculos y novedades<\/h2>\n\t\t\t\t\t<\/div>\n\t\t\t\t\t\t\n\t\t\t\t\t<\/div>\n\t\t\t\t<\/div>\n\t\t\t\t<div class=\"et_bloom_form_content et_bloom_1_field et_bloom_bottom_stacked\">\n\t\t\t\t\t\n\t\t\t\t\t\n\t\t\t\t\t<form method=\"post\" class=\"clearfix\">\n\t\t\t\t\t\t<div class=\"et_bloom_fields\">\n\t\t\t\t\t\t\t\n\t\t\t\t\t\t\t<p class=\"et_bloom_popup_input et_bloom_subscribe_email\">\n\t\t\t\t\t\t\t\t<input placeholder=\"corchado_irene@hotmail.com\">\n\t\t\t\t\t\t\t<\/p>\n\t\t\t\t\t\t\t<p class=\"et_bloom_custom_field\"><input class=\"et_bloom_checkbox_handle\" type=\"hidden\" name=\"et_bloom_custom_field_optin_3_2f6c6c11fa\" data-field_type=\"checkbox\" data-id=\"2f6c6c11fa\" data-required_mark=\"required\">\n\t\t\t\t\t\t<span class=\"et_bloom_custom_field_options_wrapper\">\n\t\t\t\t\t\t\t<span class=\"et_bloom_custom_field_options_title\">Privacidad<\/span>\n\t\t\t\t\t\t\t<span class=\"et_bloom_custom_field_options_list\"><span class=\"et_bloom_custom_field_checkbox\">\n\t\t\t\t\t\t\t\t<input type=\"checkbox\" id=\"et_bloom_custom_field_optin_3_2f6c6c11fa_1e79b59f77\" value=\"He le\u00eddo y acepto la\" data-id=\"1e79b59f77\"\/>\n\t\t\t\t\t\t\t\t<label for=\"et_bloom_custom_field_optin_3_2f6c6c11fa_1e79b59f77\"><i><\/i>He le\u00eddo y acepto la <a href=\"https:\/\/www.icr-translations.com\/es\/politica-de-privacidad\/\">pol\u00edtica de privacidad<\/a><\/label>\n\t\t\t\t\t\t\t<\/span><\/span>\n\t\t\t\t\t\t<\/span><\/p>\n\t\t\t\t\t\t\t<button data-optin_id=\"optin_3\" data-service=\"mailchimp\" data-list_id=\"9979566da9\" data-page_id=\"719\" data-account=\"ICRtranslations\" data-ip_address=\"true\" class=\"et_bloom_submit_subscription\">\n\t\t\t\t\t\t\t\t<span class=\"et_bloom_subscribe_loader\"><\/span>\n\t\t\t\t\t\t\t\t<span class=\"et_bloom_button_text et_bloom_button_text_color_light\">\u00a1Me apunto!<\/span>\n\t\t\t\t\t\t\t<\/button>\n\t\t\t\t\t\t<\/div>\n\t\t\t\t\t<\/form>\n\t\t\t\t\t<div class=\"et_bloom_success_container\">\n\t\t\t\t\t\t<span class=\"et_bloom_success_checkmark\"><\/span>\n\t\t\t\t\t<\/div>\n\t\t\t\t\t<h2 class=\"et_bloom_success_message\">\u00a1Listo!<\/h2>\n\t\t\t\t\t<div class=\"et_bloom_form_footer\"><p>Puedes darte de baja en cualquier momento utilizando el enlace que aparece al final de cualquiera de mis correos.<\/p><\/div>\n\t\t\t\t<\/div>\n\t\t\t<\/div>\n\t\t\t<span class=\"et_bloom_close_button\"><\/span>\n\t\t\t\t<\/div>\n\t\t\t<\/div>\n","protected":false},"author":1,"featured_media":0,"parent":0,"menu_order":0,"comment_status":"closed","ping_status":"closed","template":"","meta":{"_et_pb_use_builder":"on","_et_pb_old_content":"","_et_gb_content_width":"","_lmt_disableupdate":"","_lmt_disable":"","om_disable_all_campaigns":false,"_monsterinsights_skip_tracking":false,"_monsterinsights_sitenote_active":false,"_monsterinsights_sitenote_note":"","_monsterinsights_sitenote_category":0,"_uf_show_specific_survey":0,"_uf_disable_surveys":false,"footnotes":""},"class_list":["post-719","page","type-page","status-publish","hentry"],"yoast_head":"<!-- This site is optimized with the Yoast SEO plugin v26.8 - https:\/\/yoast.com\/product\/yoast-seo-wordpress\/ -->\n<title>Bolet\u00edn mensual - ICR Translations<\/title>\n<meta name=\"description\" content=\"Suscr\u00edbete al bolet\u00edn mensual y recibe todos los art\u00edculos del blog y las novedades de ICR Translations por email.\" \/>\n<meta name=\"robots\" content=\"index, follow, max-snippet:-1, max-image-preview:large, max-video-preview:-1\" \/>\n<link rel=\"canonical\" href=\"https:\/\/www.icr-translations.com\/es\/boletin-mensual\/\" \/>\n<meta property=\"og:locale\" content=\"en_GB\" \/>\n<meta property=\"og:type\" content=\"article\" \/>\n<meta property=\"og:title\" content=\"Bolet\u00edn mensual - ICR Translations\" \/>\n<meta property=\"og:description\" content=\"Suscr\u00edbete al bolet\u00edn mensual y recibe todos los art\u00edculos del blog y las novedades de ICR Translations por email.\" \/>\n<meta property=\"og:url\" content=\"https:\/\/www.icr-translations.com\/es\/boletin-mensual\/\" \/>\n<meta property=\"og:site_name\" content=\"ICR Translations\" \/>\n<meta property=\"article:modified_time\" content=\"2018-05-31T18:03:36+00:00\" \/>\n<meta name=\"twitter:card\" content=\"summary_large_image\" \/>\n<meta name=\"twitter:site\" content=\"@ICRtranslations\" \/>\n<script type=\"application\/ld+json\" class=\"yoast-schema-graph\">{\"@context\":\"https:\/\/schema.org\",\"@graph\":[{\"@type\":\"WebPage\",\"@id\":\"https:\/\/www.icr-translations.com\/es\/boletin-mensual\/\",\"url\":\"https:\/\/www.icr-translations.com\/es\/boletin-mensual\/\",\"name\":\"Bolet\u00edn mensual - ICR Translations\",\"isPartOf\":{\"@id\":\"https:\/\/www.icr-translations.com\/es\/#website\"},\"datePublished\":\"2016-06-16T12:41:17+00:00\",\"dateModified\":\"2018-05-31T18:03:36+00:00\",\"description\":\"Suscr\u00edbete al bolet\u00edn mensual y recibe todos los art\u00edculos del blog y las novedades de ICR Translations por email.\",\"breadcrumb\":{\"@id\":\"https:\/\/www.icr-translations.com\/es\/boletin-mensual\/#breadcrumb\"},\"inLanguage\":\"en-GB\",\"potentialAction\":[{\"@type\":\"ReadAction\",\"target\":[\"https:\/\/www.icr-translations.com\/es\/boletin-mensual\/\"]}]},{\"@type\":\"BreadcrumbList\",\"@id\":\"https:\/\/www.icr-translations.com\/es\/boletin-mensual\/#breadcrumb\",\"itemListElement\":[{\"@type\":\"ListItem\",\"position\":1,\"name\":\"Home\",\"item\":\"https:\/\/www.icr-translations.com\/es\/\"},{\"@type\":\"ListItem\",\"position\":2,\"name\":\"Bolet\u00edn mensual\"}]},{\"@type\":\"WebSite\",\"@id\":\"https:\/\/www.icr-translations.com\/es\/#website\",\"url\":\"https:\/\/www.icr-translations.com\/es\/\",\"name\":\"ICR Translations\",\"description\":\"Traducci\u00f3n jurada en Edimburgo\",\"publisher\":{\"@id\":\"https:\/\/www.icr-translations.com\/es\/#\/schema\/person\/5ff2973b4aeaceefe29a29b6df9bf750\"},\"potentialAction\":[{\"@type\":\"SearchAction\",\"target\":{\"@type\":\"EntryPoint\",\"urlTemplate\":\"https:\/\/www.icr-translations.com\/es\/?s={search_term_string}\"},\"query-input\":{\"@type\":\"PropertyValueSpecification\",\"valueRequired\":true,\"valueName\":\"search_term_string\"}}],\"inLanguage\":\"en-GB\"},{\"@type\":[\"Person\",\"Organization\"],\"@id\":\"https:\/\/www.icr-translations.com\/es\/#\/schema\/person\/5ff2973b4aeaceefe29a29b6df9bf750\",\"name\":\"ICRtranslations\",\"image\":{\"@type\":\"ImageObject\",\"inLanguage\":\"en-GB\",\"@id\":\"https:\/\/www.icr-translations.com\/es\/#\/schema\/person\/image\/\",\"url\":\"https:\/\/www.icr-translations.com\/es\/wp-content\/uploads\/sites\/2\/2016\/01\/logo-01.jpg\",\"contentUrl\":\"https:\/\/www.icr-translations.com\/es\/wp-content\/uploads\/sites\/2\/2016\/01\/logo-01.jpg\",\"width\":184,\"height\":144,\"caption\":\"ICRtranslations\"},\"logo\":{\"@id\":\"https:\/\/www.icr-translations.com\/es\/#\/schema\/person\/image\/\"},\"sameAs\":[\"https:\/\/x.com\/ICRtranslations\"]}]}<\/script>\n<!-- \/ Yoast SEO plugin. -->","yoast_head_json":{"title":"Bolet\u00edn mensual - ICR Translations","description":"Suscr\u00edbete al bolet\u00edn mensual y recibe todos los art\u00edculos del blog y las novedades de ICR Translations por email.","robots":{"index":"index","follow":"follow","max-snippet":"max-snippet:-1","max-image-preview":"max-image-preview:large","max-video-preview":"max-video-preview:-1"},"canonical":"https:\/\/www.icr-translations.com\/es\/boletin-mensual\/","og_locale":"en_GB","og_type":"article","og_title":"Bolet\u00edn mensual - ICR Translations","og_description":"Suscr\u00edbete al bolet\u00edn mensual y recibe todos los art\u00edculos del blog y las novedades de ICR Translations por email.","og_url":"https:\/\/www.icr-translations.com\/es\/boletin-mensual\/","og_site_name":"ICR Translations","article_modified_time":"2018-05-31T18:03:36+00:00","twitter_card":"summary_large_image","twitter_site":"@ICRtranslations","schema":{"@context":"https:\/\/schema.org","@graph":[{"@type":"WebPage","@id":"https:\/\/www.icr-translations.com\/es\/boletin-mensual\/","url":"https:\/\/www.icr-translations.com\/es\/boletin-mensual\/","name":"Bolet\u00edn mensual - ICR Translations","isPartOf":{"@id":"https:\/\/www.icr-translations.com\/es\/#website"},"datePublished":"2016-06-16T12:41:17+00:00","dateModified":"2018-05-31T18:03:36+00:00","description":"Suscr\u00edbete al bolet\u00edn mensual y recibe todos los art\u00edculos del blog y las novedades de ICR Translations por email.","breadcrumb":{"@id":"https:\/\/www.icr-translations.com\/es\/boletin-mensual\/#breadcrumb"},"inLanguage":"en-GB","potentialAction":[{"@type":"ReadAction","target":["https:\/\/www.icr-translations.com\/es\/boletin-mensual\/"]}]},{"@type":"BreadcrumbList","@id":"https:\/\/www.icr-translations.com\/es\/boletin-mensual\/#breadcrumb","itemListElement":[{"@type":"ListItem","position":1,"name":"Home","item":"https:\/\/www.icr-translations.com\/es\/"},{"@type":"ListItem","position":2,"name":"Bolet\u00edn mensual"}]},{"@type":"WebSite","@id":"https:\/\/www.icr-translations.com\/es\/#website","url":"https:\/\/www.icr-translations.com\/es\/","name":"ICR Translations","description":"Traducci\u00f3n jurada en Edimburgo","publisher":{"@id":"https:\/\/www.icr-translations.com\/es\/#\/schema\/person\/5ff2973b4aeaceefe29a29b6df9bf750"},"potentialAction":[{"@type":"SearchAction","target":{"@type":"EntryPoint","urlTemplate":"https:\/\/www.icr-translations.com\/es\/?s={search_term_string}"},"query-input":{"@type":"PropertyValueSpecification","valueRequired":true,"valueName":"search_term_string"}}],"inLanguage":"en-GB"},{"@type":["Person","Organization"],"@id":"https:\/\/www.icr-translations.com\/es\/#\/schema\/person\/5ff2973b4aeaceefe29a29b6df9bf750","name":"ICRtranslations","image":{"@type":"ImageObject","inLanguage":"en-GB","@id":"https:\/\/www.icr-translations.com\/es\/#\/schema\/person\/image\/","url":"https:\/\/www.icr-translations.com\/es\/wp-content\/uploads\/sites\/2\/2016\/01\/logo-01.jpg","contentUrl":"https:\/\/www.icr-translations.com\/es\/wp-content\/uploads\/sites\/2\/2016\/01\/logo-01.jpg","width":184,"height":144,"caption":"ICRtranslations"},"logo":{"@id":"https:\/\/www.icr-translations.com\/es\/#\/schema\/person\/image\/"},"sameAs":["https:\/\/x.com\/ICRtranslations"]}]}},"_links":{"self":[{"href":"https:\/\/www.icr-translations.com\/es\/wp-json\/wp\/v2\/pages\/719","targetHints":{"allow":["GET"]}}],"collection":[{"href":"https:\/\/www.icr-translations.com\/es\/wp-json\/wp\/v2\/pages"}],"about":[{"href":"https:\/\/www.icr-translations.com\/es\/wp-json\/wp\/v2\/types\/page"}],"author":[{"embeddable":true,"href":"https:\/\/www.icr-translations.com\/es\/wp-json\/wp\/v2\/users\/1"}],"replies":[{"embeddable":true,"href":"https:\/\/www.icr-translations.com\/es\/wp-json\/wp\/v2\/comments?post=719"}],"version-history":[{"count":14,"href":"https:\/\/www.icr-translations.com\/es\/wp-json\/wp\/v2\/pages\/719\/revisions"}],"predecessor-version":[{"id":2271,"href":"https:\/\/www.icr-translations.com\/es\/wp-json\/wp\/v2\/pages\/719\/revisions\/2271"}],"wp:attachment":[{"href":"https:\/\/www.icr-translations.com\/es\/wp-json\/wp\/v2\/media?parent=719"}],"curies":[{"name":"wp","href":"https:\/\/api.w.org\/{rel}","templated":true}]}}