{"id":96,"date":"2016-01-11T09:52:11","date_gmt":"2016-01-11T09:52:11","guid":{"rendered":"https:\/\/www.icr-translations.com\/es\/?page_id=96"},"modified":"2025-07-10T09:39:33","modified_gmt":"2025-07-10T08:39:33","slug":"contacto","status":"publish","type":"page","link":"https:\/\/www.icr-translations.com\/es\/contacto\/","title":{"rendered":"Contacto"},"content":{"rendered":"<p>[et_pb_section fb_built=&#8221;1&#8243; _builder_version=&#8221;4.16&#8243; background_color=&#8221;#f7f7f7&#8243; global_colors_info=&#8221;{}&#8221;][et_pb_row column_structure=&#8221;1_3,2_3&#8243; _builder_version=&#8221;4.16&#8243; background_size=&#8221;initial&#8221; background_position=&#8221;top_left&#8221; background_repeat=&#8221;repeat&#8221; global_colors_info=&#8221;{}&#8221;][et_pb_column type=&#8221;1_3&#8243; _builder_version=&#8221;4.16&#8243; custom_padding=&#8221;|||&#8221; global_colors_info=&#8221;{}&#8221; custom_padding__hover=&#8221;|||&#8221;][et_pb_image src=&#8221;https:\/\/www.icr-translations.com\/es\/wp-content\/uploads\/sites\/2\/2024\/10\/Irene-Irene-Corchado-Resmella-21.jpg&#8221; alt=&#8221;Irene Corchado Resmella&#8221; title_text=&#8221;Irene Corchado Resmella&#8221; align=&#8221;center&#8221; align_tablet=&#8221;center&#8221; align_phone=&#8221;&#8221; align_last_edited=&#8221;on|desktop&#8221; _builder_version=&#8221;4.25.1&#8243; max_width=&#8221;400px&#8221; animation=&#8221;off&#8221; sticky=&#8221;off&#8221; use_border_color=&#8221;off&#8221; border_color=&#8221;#ffffff&#8221; border_style=&#8221;solid&#8221; always_center_on_mobile=&#8221;on&#8221; global_colors_info=&#8221;{}&#8221;]&nbsp;<br \/>\n[\/et_pb_image][et_pb_text _builder_version=&#8221;4.27.4&#8243; text_font_size=&#8221;15&#8243; text_line_height=&#8221;1.8em&#8221; background_size=&#8221;initial&#8221; background_position=&#8221;top_left&#8221; background_repeat=&#8221;repeat&#8221; text_orientation=&#8221;center&#8221; module_alignment=&#8221;center&#8221; use_border_color=&#8221;off&#8221; global_colors_info=&#8221;{}&#8221;]<\/p>\n<p style=\"text-align: left;\"><span style=\"font-size: 18pt;\"><strong><span style=\"color: #009035;\">Irene Corchado Resmella<\/span><\/strong><\/span><br \/>Ubicaci\u00f3n: <strong>Edimburgo<\/strong> (Reino Unido)<br \/>Horario laboral:<br \/>De lunes a jueves: <strong>08:00-16:30<\/strong> (GMT\/BST)<br \/>Viernes: <strong>08:00-15:00<\/strong> (GMT\/BST)<\/p>\n<p style=\"text-align: left;\"><em>ICR Translations ofrece un servicio digital. Ponte en contacto por correo electr\u00f3nico. Gracias.<\/em><\/p>\n<p>[\/et_pb_text][et_pb_social_media_follow _builder_version=&#8221;4.27.4&#8243; hover_enabled=&#8221;0&#8243; global_colors_info=&#8221;{}&#8221; sticky_enabled=&#8221;0&#8243;][et_pb_social_media_follow_network social_network=&#8221;linkedin&#8221; url=&#8221;https:\/\/www.linkedin.com\/in\/irene-corchado-resmella\/&#8221; _builder_version=&#8221;4.16&#8243; background_color=&#8221;#000000&#8243; background_enable_color=&#8221;on&#8221; global_colors_info=&#8221;{}&#8221; follow_button=&#8221;off&#8221; url_new_window=&#8221;on&#8221;]linkedin[\/et_pb_social_media_follow_network][\/et_pb_social_media_follow][\/et_pb_column][et_pb_column type=&#8221;2_3&#8243; _builder_version=&#8221;4.16&#8243; custom_padding=&#8221;|||&#8221; global_colors_info=&#8221;{}&#8221; custom_padding__hover=&#8221;|||&#8221;][et_pb_text _builder_version=&#8221;4.16&#8243; global_colors_info=&#8221;{}&#8221;]<\/p>\n<h1 style=\"text-align: left;\"><strong>Contacta con ICR Translations<\/strong><\/h1>\n<p>[\/et_pb_text][et_pb_text _builder_version=&#8221;4.18.0&#8243; global_colors_info=&#8221;{}&#8221;]<\/p>\n<h3><strong>Presupuestos<\/strong><\/h3>\n<p><span style=\"color: #009035;\"><strong>Traducciones no juradas<\/strong><\/span>: env\u00eda los documentos a<strong> irene@icr-translations.com<\/strong>.<\/p>\n<p><strong><span style=\"color: #009035;\">Traducciones juradas<\/span><\/strong>: env\u00eda copias escaneadas de los documentos, <span style=\"text-decoration: underline;\">incluidas las legalizaciones\/certificaciones notariales<\/span> (las Apostillas se pueden solicitar despu\u00e9s) a <strong>irene@icr-translations.com<\/strong>.<\/p>\n<p>[\/et_pb_text][et_pb_divider show_divider=&#8221;off&#8221; _builder_version=&#8221;4.16&#8243; _module_preset=&#8221;default&#8221; global_colors_info=&#8221;{}&#8221;][\/et_pb_divider][et_pb_text _builder_version=&#8221;4.16&#8243; global_colors_info=&#8221;{}&#8221;]<\/p>\n<h3><strong>Para hablar sobre una posible colaboraci\u00f3n<\/strong><\/h3>\n<p>Si buscas a un traductor jurado y jur\u00eddico especializado para colaborar de forma habitual, no dudes en escribirme.<\/p>\n<p>[\/et_pb_text][et_pb_text _builder_version=&#8221;4.16&#8243; custom_padding=&#8221;40px||||false|false&#8221; global_colors_info=&#8221;{}&#8221;]<\/p>\n<p><strong>Ten en cuenta<\/strong> que no subcontrato ninguno de mis servicios, no ofrezco pr\u00e1cticas ni mentor\u00edas y no acepto contenido patrocinado ni art\u00edculos externos para el blog. Tampoco respondo a correos en masa. Esta p\u00e1gina de contacto es para uso exclusivo de clientes que necesiten servicios de traducci\u00f3n. Gracias.<\/p>\n<p>[\/et_pb_text][\/et_pb_column][\/et_pb_row][\/et_pb_section]<\/p>\n","protected":false},"excerpt":{"rendered":"<p>&nbsp; Irene Corchado ResmellaUbicaci\u00f3n: Edimburgo (Reino Unido)Horario laboral:De lunes a jueves: 08:00-16:30 (GMT\/BST)Viernes: 08:00-15:00 (GMT\/BST) ICR Translations ofrece un servicio digital. Ponte en contacto por correo electr\u00f3nico. Gracias.Contacta con ICR TranslationsPresupuestos Traducciones no juradas: env\u00eda los documentos a irene@icr-translations.com. Traducciones juradas: env\u00eda copias escaneadas de los documentos, incluidas las legalizaciones\/certificaciones notariales (las Apostillas se pueden [&hellip;]<\/p>\n","protected":false},"author":1,"featured_media":0,"parent":0,"menu_order":0,"comment_status":"closed","ping_status":"closed","template":"","meta":{"_et_pb_use_builder":"on","_et_pb_old_content":"","_et_gb_content_width":"","_lmt_disableupdate":"no","_lmt_disable":"","om_disable_all_campaigns":false,"_monsterinsights_skip_tracking":false,"_monsterinsights_sitenote_active":false,"_monsterinsights_sitenote_note":"","_monsterinsights_sitenote_category":0,"_uf_show_specific_survey":0,"_uf_disable_surveys":false,"footnotes":""},"class_list":["post-96","page","type-page","status-publish","hentry"],"yoast_head":"<!-- This site is optimized with the Yoast SEO plugin v26.8 - https:\/\/yoast.com\/product\/yoast-seo-wordpress\/ -->\n<title>Traductora jurada en Edimburgo | ICR Translations<\/title>\n<meta name=\"description\" content=\"Traductora jurada en Edimburgo. Trabajo con bufetes, notar\u00edas, empresas y particulares dentro y fuera del Reino Unido. Chartered Linguist.\" \/>\n<meta name=\"robots\" content=\"index, follow, max-snippet:-1, max-image-preview:large, max-video-preview:-1\" \/>\n<link rel=\"canonical\" href=\"https:\/\/www.icr-translations.com\/es\/contacto\/\" \/>\n<meta property=\"og:locale\" content=\"en_GB\" \/>\n<meta property=\"og:type\" content=\"article\" \/>\n<meta property=\"og:title\" content=\"Traductora jurada en Edimburgo | ICR Translations\" \/>\n<meta property=\"og:description\" content=\"Traductora jurada en Edimburgo. Trabajo con bufetes, notar\u00edas, empresas y particulares dentro y fuera del Reino Unido. Chartered Linguist.\" \/>\n<meta property=\"og:url\" content=\"https:\/\/www.icr-translations.com\/es\/contacto\/\" \/>\n<meta property=\"og:site_name\" content=\"ICR Translations\" \/>\n<meta property=\"article:modified_time\" content=\"2025-07-10T08:39:33+00:00\" \/>\n<meta name=\"twitter:card\" content=\"summary_large_image\" \/>\n<meta name=\"twitter:site\" content=\"@ICRtranslations\" \/>\n<meta name=\"twitter:label1\" content=\"Estimated reading time\" \/>\n\t<meta name=\"twitter:data1\" content=\"1 minute\" \/>\n<script type=\"application\/ld+json\" class=\"yoast-schema-graph\">{\"@context\":\"https:\/\/schema.org\",\"@graph\":[{\"@type\":\"WebPage\",\"@id\":\"https:\/\/www.icr-translations.com\/es\/contacto\/\",\"url\":\"https:\/\/www.icr-translations.com\/es\/contacto\/\",\"name\":\"Traductora jurada en Edimburgo | ICR Translations\",\"isPartOf\":{\"@id\":\"https:\/\/www.icr-translations.com\/es\/#website\"},\"datePublished\":\"2016-01-11T09:52:11+00:00\",\"dateModified\":\"2025-07-10T08:39:33+00:00\",\"description\":\"Traductora jurada en Edimburgo. Trabajo con bufetes, notar\u00edas, empresas y particulares dentro y fuera del Reino Unido. Chartered Linguist.\",\"breadcrumb\":{\"@id\":\"https:\/\/www.icr-translations.com\/es\/contacto\/#breadcrumb\"},\"inLanguage\":\"en-GB\",\"potentialAction\":[{\"@type\":\"ReadAction\",\"target\":[\"https:\/\/www.icr-translations.com\/es\/contacto\/\"]}]},{\"@type\":\"BreadcrumbList\",\"@id\":\"https:\/\/www.icr-translations.com\/es\/contacto\/#breadcrumb\",\"itemListElement\":[{\"@type\":\"ListItem\",\"position\":1,\"name\":\"Home\",\"item\":\"https:\/\/www.icr-translations.com\/es\/\"},{\"@type\":\"ListItem\",\"position\":2,\"name\":\"Contacto\"}]},{\"@type\":\"WebSite\",\"@id\":\"https:\/\/www.icr-translations.com\/es\/#website\",\"url\":\"https:\/\/www.icr-translations.com\/es\/\",\"name\":\"ICR Translations\",\"description\":\"Traducci\u00f3n jurada en Edimburgo\",\"publisher\":{\"@id\":\"https:\/\/www.icr-translations.com\/es\/#\/schema\/person\/5ff2973b4aeaceefe29a29b6df9bf750\"},\"potentialAction\":[{\"@type\":\"SearchAction\",\"target\":{\"@type\":\"EntryPoint\",\"urlTemplate\":\"https:\/\/www.icr-translations.com\/es\/?s={search_term_string}\"},\"query-input\":{\"@type\":\"PropertyValueSpecification\",\"valueRequired\":true,\"valueName\":\"search_term_string\"}}],\"inLanguage\":\"en-GB\"},{\"@type\":[\"Person\",\"Organization\"],\"@id\":\"https:\/\/www.icr-translations.com\/es\/#\/schema\/person\/5ff2973b4aeaceefe29a29b6df9bf750\",\"name\":\"ICRtranslations\",\"image\":{\"@type\":\"ImageObject\",\"inLanguage\":\"en-GB\",\"@id\":\"https:\/\/www.icr-translations.com\/es\/#\/schema\/person\/image\/\",\"url\":\"https:\/\/www.icr-translations.com\/es\/wp-content\/uploads\/sites\/2\/2016\/01\/logo-01.jpg\",\"contentUrl\":\"https:\/\/www.icr-translations.com\/es\/wp-content\/uploads\/sites\/2\/2016\/01\/logo-01.jpg\",\"width\":184,\"height\":144,\"caption\":\"ICRtranslations\"},\"logo\":{\"@id\":\"https:\/\/www.icr-translations.com\/es\/#\/schema\/person\/image\/\"},\"sameAs\":[\"https:\/\/x.com\/ICRtranslations\"]}]}<\/script>\n<!-- \/ Yoast SEO plugin. -->","yoast_head_json":{"title":"Traductora jurada en Edimburgo | ICR Translations","description":"Traductora jurada en Edimburgo. Trabajo con bufetes, notar\u00edas, empresas y particulares dentro y fuera del Reino Unido. Chartered Linguist.","robots":{"index":"index","follow":"follow","max-snippet":"max-snippet:-1","max-image-preview":"max-image-preview:large","max-video-preview":"max-video-preview:-1"},"canonical":"https:\/\/www.icr-translations.com\/es\/contacto\/","og_locale":"en_GB","og_type":"article","og_title":"Traductora jurada en Edimburgo | ICR Translations","og_description":"Traductora jurada en Edimburgo. Trabajo con bufetes, notar\u00edas, empresas y particulares dentro y fuera del Reino Unido. Chartered Linguist.","og_url":"https:\/\/www.icr-translations.com\/es\/contacto\/","og_site_name":"ICR Translations","article_modified_time":"2025-07-10T08:39:33+00:00","twitter_card":"summary_large_image","twitter_site":"@ICRtranslations","twitter_misc":{"Estimated reading time":"1 minute"},"schema":{"@context":"https:\/\/schema.org","@graph":[{"@type":"WebPage","@id":"https:\/\/www.icr-translations.com\/es\/contacto\/","url":"https:\/\/www.icr-translations.com\/es\/contacto\/","name":"Traductora jurada en Edimburgo | ICR Translations","isPartOf":{"@id":"https:\/\/www.icr-translations.com\/es\/#website"},"datePublished":"2016-01-11T09:52:11+00:00","dateModified":"2025-07-10T08:39:33+00:00","description":"Traductora jurada en Edimburgo. Trabajo con bufetes, notar\u00edas, empresas y particulares dentro y fuera del Reino Unido. Chartered Linguist.","breadcrumb":{"@id":"https:\/\/www.icr-translations.com\/es\/contacto\/#breadcrumb"},"inLanguage":"en-GB","potentialAction":[{"@type":"ReadAction","target":["https:\/\/www.icr-translations.com\/es\/contacto\/"]}]},{"@type":"BreadcrumbList","@id":"https:\/\/www.icr-translations.com\/es\/contacto\/#breadcrumb","itemListElement":[{"@type":"ListItem","position":1,"name":"Home","item":"https:\/\/www.icr-translations.com\/es\/"},{"@type":"ListItem","position":2,"name":"Contacto"}]},{"@type":"WebSite","@id":"https:\/\/www.icr-translations.com\/es\/#website","url":"https:\/\/www.icr-translations.com\/es\/","name":"ICR Translations","description":"Traducci\u00f3n jurada en Edimburgo","publisher":{"@id":"https:\/\/www.icr-translations.com\/es\/#\/schema\/person\/5ff2973b4aeaceefe29a29b6df9bf750"},"potentialAction":[{"@type":"SearchAction","target":{"@type":"EntryPoint","urlTemplate":"https:\/\/www.icr-translations.com\/es\/?s={search_term_string}"},"query-input":{"@type":"PropertyValueSpecification","valueRequired":true,"valueName":"search_term_string"}}],"inLanguage":"en-GB"},{"@type":["Person","Organization"],"@id":"https:\/\/www.icr-translations.com\/es\/#\/schema\/person\/5ff2973b4aeaceefe29a29b6df9bf750","name":"ICRtranslations","image":{"@type":"ImageObject","inLanguage":"en-GB","@id":"https:\/\/www.icr-translations.com\/es\/#\/schema\/person\/image\/","url":"https:\/\/www.icr-translations.com\/es\/wp-content\/uploads\/sites\/2\/2016\/01\/logo-01.jpg","contentUrl":"https:\/\/www.icr-translations.com\/es\/wp-content\/uploads\/sites\/2\/2016\/01\/logo-01.jpg","width":184,"height":144,"caption":"ICRtranslations"},"logo":{"@id":"https:\/\/www.icr-translations.com\/es\/#\/schema\/person\/image\/"},"sameAs":["https:\/\/x.com\/ICRtranslations"]}]}},"_links":{"self":[{"href":"https:\/\/www.icr-translations.com\/es\/wp-json\/wp\/v2\/pages\/96","targetHints":{"allow":["GET"]}}],"collection":[{"href":"https:\/\/www.icr-translations.com\/es\/wp-json\/wp\/v2\/pages"}],"about":[{"href":"https:\/\/www.icr-translations.com\/es\/wp-json\/wp\/v2\/types\/page"}],"author":[{"embeddable":true,"href":"https:\/\/www.icr-translations.com\/es\/wp-json\/wp\/v2\/users\/1"}],"replies":[{"embeddable":true,"href":"https:\/\/www.icr-translations.com\/es\/wp-json\/wp\/v2\/comments?post=96"}],"version-history":[{"count":87,"href":"https:\/\/www.icr-translations.com\/es\/wp-json\/wp\/v2\/pages\/96\/revisions"}],"predecessor-version":[{"id":4024,"href":"https:\/\/www.icr-translations.com\/es\/wp-json\/wp\/v2\/pages\/96\/revisions\/4024"}],"wp:attachment":[{"href":"https:\/\/www.icr-translations.com\/es\/wp-json\/wp\/v2\/media?parent=96"}],"curies":[{"name":"wp","href":"https:\/\/api.w.org\/{rel}","templated":true}]}}